{"id":1579,"date":"2020-01-09T04:10:53","date_gmt":"2020-01-09T04:10:53","guid":{"rendered":"http:\/\/wpdemo.archiwp.com\/engitech\/?page_id=1579"},"modified":"2025-09-18T14:59:48","modified_gmt":"2025-09-18T17:59:48","slug":"about-us","status":"publish","type":"page","link":"https:\/\/dyspeak.com\/?page_id=1579","title":{"rendered":"Sobre Dyspeak"},"content":{"rendered":"\t\t<div data-elementor-type=\"wp-page\" data-elementor-id=\"1579\" class=\"elementor elementor-1579\">\n\t\t\t\t\t\t<section class=\"elementor-section elementor-top-section elementor-element elementor-element-7f3cbd8 elementor-section-content-middle ot-traditional elementor-section-boxed elementor-section-height-default elementor-section-height-default\" data-id=\"7f3cbd8\" data-element_type=\"section\" data-settings=\"{&quot;background_background&quot;:&quot;classic&quot;}\">\n\t\t\t\t\t\t<div class=\"elementor-container elementor-column-gap-extended\">\n\t\t\t\t\t<div class=\"elementor-column elementor-col-50 elementor-top-column elementor-element elementor-element-9fc2569 ot-flex-column-vertical\" data-id=\"9fc2569\" data-element_type=\"column\">\n\t\t\t<div class=\"elementor-widget-wrap elementor-element-populated\">\n\t\t\t\t\t\t<div class=\"elementor-element elementor-element-925ee15 elementor-widget elementor-widget-iheading\" data-id=\"925ee15\" data-element_type=\"widget\" data-widget_type=\"iheading.default\">\n\t\t\t\t<div class=\"elementor-widget-container\">\n\t\t\t\t\t\t\t<div class=\"ot-heading\">\r\n\t        <h2 class=\"main-heading\">Sobre Dyspeak<\/h2>\t    <\/div>\r\n\t    \t\t\t\t<\/div>\n\t\t\t\t<\/div>\n\t\t\t\t<div class=\"elementor-element elementor-element-5f326aa elementor-widget elementor-widget-text-editor\" data-id=\"5f326aa\" data-element_type=\"widget\" data-widget_type=\"text-editor.default\">\n\t\t\t\t<div class=\"elementor-widget-container\">\n\t\t\t\t\t\t\t\t\t<p style=\"text-align: center;\"><img fetchpriority=\"high\" decoding=\"async\" src=\"https:\/\/dyspeak.com\/wp-content\/uploads\/2021\/03\/foto-300x300.png\" alt=\"\" width=\"300\" height=\"300\">O Dyspeak \u00e9 um curso de ingl\u00eas online direcionado \u00e0 necessidade espec\u00edfica de cada aluno. Se voc\u00ea tem dislexia e\/ou TDAH e n\u00e3o consegue aprender ingl\u00eas nos cursos convencionais, junte-se a n\u00f3s.<\/p>\n<p style=\"text-align: left;\">Aprenda ingl\u00eas para se diferenciar no mercado de trabalho e conhecer novas culturas.<\/p>\n<p style=\"text-align: left;\">O aluno ter\u00e1 aulas de ingl\u00eas, via Microsoft Teams, apenas com chamada de voz, com um professor que atender\u00e1 com precis\u00e3o \u00e0s suas necessidades, e com material did\u00e1tico e m\u00e9todo internacionais. As aulas s\u00e3o individuais (um aluno por vez). A carga hor\u00e1ria semanal \u00e9 de 2 (duas) horas. O aluno poder\u00e1 ter aulas de 30 (trinta) ou 60 (sessenta) minutos por vez, em dias e hor\u00e1rios previamente negociados com o professor, at\u00e9 completar a carga hor\u00e1ria semanal de 2 (duas) horas.<\/p>\n<p style=\"text-align: left;\"><strong>Quem sou eu<\/strong><\/p>\n<p style=\"text-align: left;\">Ol\u00e1! Meu nome \u00e9 Marcos Vin\u00edcius Vila Miranda. Sou brasileiro \u2013 natural do Rio de Janeiro. Eu sou professor particular de ingl\u00eas desde 2007. Meu trabalho \u00e9 100% online, podendo ser realizado em casa ou em qualquer lugar do mundo, desde que haja conex\u00e3o \u00e0 Internet. Sou apaixonado pelo ensino da l\u00edngua inglesa. Trabalho com todos os p\u00fablicos poss\u00edveis, exceto com crian\u00e7as \u2013 idade m\u00ednima necess\u00e1ria: 16 anos.<\/p>\t\t\t\t\t\t\t\t<\/div>\n\t\t\t\t<\/div>\n\t\t\t\t<div class=\"elementor-element elementor-element-5df7912 elementor-widget elementor-widget-ivideopopup\" data-id=\"5df7912\" data-element_type=\"widget\" data-widget_type=\"ivideopopup.default\">\n\t\t\t\t<div class=\"elementor-widget-container\">\n\t\t\t\t\t\t\t<div class=\"video-popup\">\r\n\t\t\t<div class=\"btn-inner\">\r\n\t\t        <a class=\"btn-play\" href=\"https:\/\/dyspeak.com\/wp-content\/uploads\/2021\/03\/Dyspeak.mp4\">\r\n\t\t        \t<i class=\"flaticon-play\"><\/i>\r\n\t\t        \t\t\t        \t<span class=\"circle-1\"><\/span>\r\n\t\t\t\t\t<span class=\"circle-2\"><\/span>\r\n\t\t\t\t\t\t\t        <\/a>\r\n\t        <\/div>\r\n\t        <span>Saiba mais<\/span>\t    <\/div>\r\n\t    \t\t\t\t<\/div>\n\t\t\t\t<\/div>\n\t\t\t\t\t<\/div>\n\t\t<\/div>\n\t\t\t\t<div class=\"elementor-column elementor-col-50 elementor-top-column elementor-element elementor-element-7564da8 ot-flex-column-vertical\" data-id=\"7564da8\" data-element_type=\"column\">\n\t\t\t<div class=\"elementor-widget-wrap elementor-element-populated\">\n\t\t\t\t\t\t<div class=\"elementor-element elementor-element-bf10ee5 elementor-widget elementor-widget-text-editor\" data-id=\"bf10ee5\" data-element_type=\"widget\" data-widget_type=\"text-editor.default\">\n\t\t\t\t<div class=\"elementor-widget-container\">\n\t\t\t\t\t\t\t\t\t<h5 class=\"widget-title\">Para refletir:<\/h5><div class=\"textwidget\"><h3>A Corrida de Sapos<\/h3>Era uma vez uma corrida de sapinhos.<br \/>Eles tinham que subir uma grande torre.<br \/>Uma multid\u00e3o vibrava com eles.<br \/>Come\u00e7ou a competi\u00e7\u00e3o, e a multid\u00e3o dizia:<br \/><br \/>\u2013 N\u00e3o v\u00e3o conseguir, n\u00e3o v\u00e3o conseguir!<br \/>Os sapinhos foram desistindo um a um, menos um deles que continuava subindo.<br \/><br \/>E a multid\u00e3o continuava a aclamar:<br \/>\u2013 N\u00e3o v\u00e3o conseguir, n\u00e3o v\u00e3o conseguir!<br \/><br \/>E os sapinhos continuavam desistindo.<br \/>Apenas um prosseguia subindo rumo \u00e0 chegada. Ao final da competi\u00e7\u00e3o, todos os sapinhos haviam desistido, menos aquele. Todos queriam saber o que aconteceu, e perguntaram ao sapinho como ele conseguiu chegar at\u00e9 o fim, mas ele n\u00e3o entendia porque era SURDO.<br \/><br \/><i>Autor desconhecido<\/i><br \/><br \/><b>Moral da hist\u00f3ria:<\/b><br \/><br \/><i>Todos n\u00f3s temos dificuldades nas escaladas da vida. Portanto, conduza seus objetivos com foco e determina\u00e7\u00e3o &#8211; &#8220;devagar e sempre&#8221;! Tente sempre nutrir pensamentos positivos &#8211; penso, logo sinto e, consequentemente, fa\u00e7o!<\/i><\/div>\t\t\t\t\t\t\t\t<\/div>\n\t\t\t\t<\/div>\n\t\t\t\t\t<\/div>\n\t\t<\/div>\n\t\t\t\t\t<\/div>\n\t\t<\/section>\n\t\t\t\t<\/div>\n\t\t","protected":false},"excerpt":{"rendered":"<p>Sobre Dyspeak O Dyspeak \u00e9 um curso de ingl\u00eas online direcionado \u00e0 necessidade espec\u00edfica de cada aluno. Se voc\u00ea tem dislexia e\/ou TDAH e n\u00e3o consegue aprender ingl\u00eas nos cursos convencionais, junte-se a n\u00f3s. Aprenda ingl\u00eas para se diferenciar no mercado de trabalho e conhecer novas culturas. O aluno ter\u00e1 aulas de ingl\u00eas, via Microsoft [&hellip;]<\/p>\n","protected":false},"author":1,"featured_media":0,"parent":0,"menu_order":0,"comment_status":"closed","ping_status":"closed","template":"","meta":{"footnotes":""},"class_list":["post-1579","page","type-page","status-publish","hentry"],"_links":{"self":[{"href":"https:\/\/dyspeak.com\/index.php?rest_route=\/wp\/v2\/pages\/1579","targetHints":{"allow":["GET"]}}],"collection":[{"href":"https:\/\/dyspeak.com\/index.php?rest_route=\/wp\/v2\/pages"}],"about":[{"href":"https:\/\/dyspeak.com\/index.php?rest_route=\/wp\/v2\/types\/page"}],"author":[{"embeddable":true,"href":"https:\/\/dyspeak.com\/index.php?rest_route=\/wp\/v2\/users\/1"}],"replies":[{"embeddable":true,"href":"https:\/\/dyspeak.com\/index.php?rest_route=%2Fwp%2Fv2%2Fcomments&post=1579"}],"version-history":[{"count":10,"href":"https:\/\/dyspeak.com\/index.php?rest_route=\/wp\/v2\/pages\/1579\/revisions"}],"predecessor-version":[{"id":3948,"href":"https:\/\/dyspeak.com\/index.php?rest_route=\/wp\/v2\/pages\/1579\/revisions\/3948"}],"wp:attachment":[{"href":"https:\/\/dyspeak.com\/index.php?rest_route=%2Fwp%2Fv2%2Fmedia&parent=1579"}],"curies":[{"name":"wp","href":"https:\/\/api.w.org\/{rel}","templated":true}]}}