{"id":3792,"date":"2021-03-17T15:03:58","date_gmt":"2021-03-17T18:03:58","guid":{"rendered":"https:\/\/dyspeak.com\/?page_id=3792"},"modified":"2021-03-17T15:12:33","modified_gmt":"2021-03-17T18:12:33","slug":"sobre-dyspeak","status":"publish","type":"page","link":"https:\/\/dyspeak.com\/?page_id=3792","title":{"rendered":"Como funciona"},"content":{"rendered":"\t\t<div data-elementor-type=\"wp-page\" data-elementor-id=\"3792\" class=\"elementor elementor-3792\">\n\t\t\t\t\t\t<section class=\"elementor-section elementor-top-section elementor-element elementor-element-7f3cbd8 elementor-section-content-middle ot-traditional elementor-section-boxed elementor-section-height-default elementor-section-height-default\" data-id=\"7f3cbd8\" data-element_type=\"section\" data-settings=\"{&quot;background_background&quot;:&quot;classic&quot;}\">\n\t\t\t\t\t\t<div class=\"elementor-container elementor-column-gap-extended\">\n\t\t\t\t\t<div class=\"elementor-column elementor-col-50 elementor-top-column elementor-element elementor-element-9fc2569 ot-flex-column-vertical\" data-id=\"9fc2569\" data-element_type=\"column\">\n\t\t\t<div class=\"elementor-widget-wrap elementor-element-populated\">\n\t\t\t\t\t\t<div class=\"elementor-element elementor-element-925ee15 elementor-widget elementor-widget-iheading\" data-id=\"925ee15\" data-element_type=\"widget\" data-widget_type=\"iheading.default\">\n\t\t\t\t<div class=\"elementor-widget-container\">\n\t\t\t\t\t\t\t<div class=\"ot-heading\">\r\n\t        <h2 class=\"main-heading\">Como Funciona\n<\/h2>\t    <\/div>\r\n\t    \t\t\t\t<\/div>\n\t\t\t\t<\/div>\n\t\t\t\t<div class=\"elementor-element elementor-element-5f326aa elementor-widget elementor-widget-text-editor\" data-id=\"5f326aa\" data-element_type=\"widget\" data-widget_type=\"text-editor.default\">\n\t\t\t\t<div class=\"elementor-widget-container\">\n\t\t\t\t\t\t\t\t\t<p><strong>Aula demonstrativa gr\u00e1tis<\/strong><\/p><p>Se voc\u00ea quiser conhecer melhor o Dyspeak, agende uma aula demonstrativa. A aula demonstrativa \u00e9 gratuita e tem 10 minutos de dura\u00e7\u00e3o. A aula deve ser agendada pelo e-mail\u00a0<a href=\"mailto:dyspeakcourse@gmail.com\" target=\"_blank\" rel=\"noopener\">dyspeakcourse@gmail.com<\/a><wbr \/><\/p><p><strong>Segmento Regular para Disl\u00e9xicos e TDAH: Ingl\u00eas Geral<\/strong><\/p><p>O aluno lida com situa\u00e7\u00f5es do cotidiano, atrav\u00e9s de uma linguagem din\u00e2mica e coloquial.<br \/>Al\u00e9m das 4 habilidades (audi\u00e7\u00e3o, fala, leitura e escrita), o aluno ter\u00e1 \u00eanfase em fon\u00e9tica (pron\u00fancia), conversa\u00e7\u00e3o e compara\u00e7\u00f5es entre o ingl\u00eas brit\u00e2nico e americano.<\/p><p><strong>Conversa\u00e7\u00e3o para Disl\u00e9xicos e TDAH<\/strong>\u00a0= 18 meses = 6 meses por N\u00edvel<\/p><p>O aluno lida com diversas situa\u00e7\u00f5es do cotidiano usando uma linguagem informal ou formal, dependendo do contexto. As situa\u00e7\u00f5es tornam-se mais complexas de acordo com o n\u00edvel.<br \/>Al\u00e9m da comunica\u00e7\u00e3o oral, o aluno ter\u00e1 \u00eanfase em fon\u00e9tica (pron\u00fancia) e compara\u00e7\u00f5es entre o ingl\u00eas brit\u00e2nico e americano.<\/p><p><strong>Ingl\u00eas t\u00e9cnico para Disl\u00e9xicos e TDAH<\/strong>\u00a0= 6 \u2013 8 meses (dependendo da \u00e1rea)<\/p><p>Esse segmento \u00e9 destinado a alunos que desejam ter uma linguagem espec\u00edfica para sua \u00e1rea de estudos e\/ou para sua \u00e1rea de atua\u00e7\u00e3o no mercado de trabalho.<br \/>Avia\u00e7\u00e3o, Direito, Enfermagem, Engenharia, Gest\u00e3o, Hotelaria, Marketing, M\u00eddia, Recursos Humanos, Setor Financeiro, Turismo, Outros\u2026<br \/>Al\u00e9m da comunica\u00e7\u00e3o escrita, o aluno ter\u00e1 \u00eanfase em fon\u00e9tica (pron\u00fancia) e compara\u00e7\u00f5es entre o ingl\u00eas brit\u00e2nico e americano.<\/p><p><strong>Como funciona o pagamento das aulas?<\/strong><\/p><p>O aluno dever\u00e1 efetuar o dep\u00f3sito no valor da sua mensalidade na conta banc\u00e1ria indicada e tamb\u00e9m dever\u00e1 escanear o comprovante de dep\u00f3sito e enviar para o e-mail:\u00a0<u><a title=\"mailto:speakskype@hotmail.com Ctrl+Clique ou toque para seguir o link\" href=\"mailto:speakskype@hotmail.com\" target=\"_blank\" rel=\"noopener\">dyspeakcourse@gmail.<wbr \/>com<\/a><\/u>\u00a0para comprovar o pagamento.<\/p>\t\t\t\t\t\t\t\t<\/div>\n\t\t\t\t<\/div>\n\t\t\t\t<div class=\"elementor-element elementor-element-5df7912 elementor-widget elementor-widget-ivideopopup\" data-id=\"5df7912\" data-element_type=\"widget\" data-widget_type=\"ivideopopup.default\">\n\t\t\t\t<div class=\"elementor-widget-container\">\n\t\t\t\t\t\t\t<div class=\"video-popup\">\r\n\t\t\t<div class=\"btn-inner\">\r\n\t\t        <a class=\"btn-play\" href=\"https:\/\/dyspeak.com\/wp-content\/uploads\/2021\/03\/Dyspeak.mp4\">\r\n\t\t        \t<i class=\"flaticon-play\"><\/i>\r\n\t\t        \t\t\t        \t<span class=\"circle-1\"><\/span>\r\n\t\t\t\t\t<span class=\"circle-2\"><\/span>\r\n\t\t\t\t\t\t\t        <\/a>\r\n\t        <\/div>\r\n\t        <span>Saiba mais<\/span>\t    <\/div>\r\n\t    \t\t\t\t<\/div>\n\t\t\t\t<\/div>\n\t\t\t\t\t<\/div>\n\t\t<\/div>\n\t\t\t\t<div class=\"elementor-column elementor-col-50 elementor-top-column elementor-element elementor-element-7564da8 ot-flex-column-vertical\" data-id=\"7564da8\" data-element_type=\"column\">\n\t\t\t<div class=\"elementor-widget-wrap elementor-element-populated\">\n\t\t\t\t\t\t<div class=\"elementor-element elementor-element-bf10ee5 elementor-widget elementor-widget-text-editor\" data-id=\"bf10ee5\" data-element_type=\"widget\" data-widget_type=\"text-editor.default\">\n\t\t\t\t<div class=\"elementor-widget-container\">\n\t\t\t\t\t\t\t\t\t<h5 class=\"widget-title\">Para refletir:<\/h5><div class=\"textwidget\"><h3>A Corrida de Sapos<\/h3>Era uma vez uma corrida de sapinhos.<br \/>Eles tinham que subir uma grande torre.<br \/>Uma multid\u00e3o vibrava com eles.<br \/>Come\u00e7ou a competi\u00e7\u00e3o, e a multid\u00e3o dizia:<br \/><br \/>\u2013 N\u00e3o v\u00e3o conseguir, n\u00e3o v\u00e3o conseguir!<br \/>Os sapinhos foram desistindo um a um, menos um deles que continuava subindo.<br \/><br \/>E a multid\u00e3o continuava a aclamar:<br \/>\u2013 N\u00e3o v\u00e3o conseguir, n\u00e3o v\u00e3o conseguir!<br \/><br \/>E os sapinhos continuavam desistindo.<br \/>Apenas um prosseguia subindo rumo \u00e0 chegada. Ao final da competi\u00e7\u00e3o, todos os sapinhos haviam desistido, menos aquele. Todos queriam saber o que aconteceu, e perguntaram ao sapinho como ele conseguiu chegar at\u00e9 o fim, mas ele n\u00e3o entendia porque era SURDO.<br \/><br \/><i>Autor desconhecido<\/i><br \/><br \/><b>Moral da hist\u00f3ria:<\/b><br \/><br \/><i>Todos n\u00f3s temos dificuldades nas escaladas da vida. Portanto, conduza seus objetivos com foco e determina\u00e7\u00e3o &#8211; &#8220;devagar e sempre&#8221;! Tente sempre nutrir pensamentos positivos &#8211; penso, logo sinto e, consequentemente, fa\u00e7o!<\/i><\/div>\t\t\t\t\t\t\t\t<\/div>\n\t\t\t\t<\/div>\n\t\t\t\t\t<\/div>\n\t\t<\/div>\n\t\t\t\t\t<\/div>\n\t\t<\/section>\n\t\t\t\t<\/div>\n\t\t","protected":false},"excerpt":{"rendered":"<p>Como Funciona Aula demonstrativa gr\u00e1tis Se voc\u00ea quiser conhecer melhor o Dyspeak, agende uma aula demonstrativa. A aula demonstrativa \u00e9 gratuita e tem 10 minutos de dura\u00e7\u00e3o. A aula deve ser agendada pelo e-mail&nbsp;dyspeakcourse@gmail.com Segmento Regular para Disl\u00e9xicos e TDAH: Ingl\u00eas Geral O aluno lida com situa\u00e7\u00f5es do cotidiano, atrav\u00e9s de uma linguagem din\u00e2mica e [&hellip;]<\/p>\n","protected":false},"author":1,"featured_media":0,"parent":0,"menu_order":0,"comment_status":"closed","ping_status":"closed","template":"","meta":{"footnotes":""},"class_list":["post-3792","page","type-page","status-publish","hentry"],"_links":{"self":[{"href":"https:\/\/dyspeak.com\/index.php?rest_route=\/wp\/v2\/pages\/3792","targetHints":{"allow":["GET"]}}],"collection":[{"href":"https:\/\/dyspeak.com\/index.php?rest_route=\/wp\/v2\/pages"}],"about":[{"href":"https:\/\/dyspeak.com\/index.php?rest_route=\/wp\/v2\/types\/page"}],"author":[{"embeddable":true,"href":"https:\/\/dyspeak.com\/index.php?rest_route=\/wp\/v2\/users\/1"}],"replies":[{"embeddable":true,"href":"https:\/\/dyspeak.com\/index.php?rest_route=%2Fwp%2Fv2%2Fcomments&post=3792"}],"version-history":[{"count":4,"href":"https:\/\/dyspeak.com\/index.php?rest_route=\/wp\/v2\/pages\/3792\/revisions"}],"predecessor-version":[{"id":3800,"href":"https:\/\/dyspeak.com\/index.php?rest_route=\/wp\/v2\/pages\/3792\/revisions\/3800"}],"wp:attachment":[{"href":"https:\/\/dyspeak.com\/index.php?rest_route=%2Fwp%2Fv2%2Fmedia&parent=3792"}],"curies":[{"name":"wp","href":"https:\/\/api.w.org\/{rel}","templated":true}]}}