{"id":3809,"date":"2021-03-17T15:22:12","date_gmt":"2021-03-17T18:22:12","guid":{"rendered":"https:\/\/dyspeak.com\/?page_id=3809"},"modified":"2025-09-18T14:54:36","modified_gmt":"2025-09-18T17:54:36","slug":"ingles-para-dislexicos-e-tdah","status":"publish","type":"page","link":"https:\/\/dyspeak.com\/?page_id=3809","title":{"rendered":"Perguntas Frequentes"},"content":{"rendered":"\t\t<div data-elementor-type=\"wp-page\" data-elementor-id=\"3809\" class=\"elementor elementor-3809\">\n\t\t\t\t\t\t<section class=\"elementor-section elementor-top-section elementor-element elementor-element-7f3cbd8 elementor-section-content-middle ot-traditional elementor-section-boxed elementor-section-height-default elementor-section-height-default\" data-id=\"7f3cbd8\" data-element_type=\"section\" data-settings=\"{&quot;background_background&quot;:&quot;classic&quot;}\">\n\t\t\t\t\t\t<div class=\"elementor-container elementor-column-gap-extended\">\n\t\t\t\t\t<div class=\"elementor-column elementor-col-50 elementor-top-column elementor-element elementor-element-9fc2569 ot-flex-column-vertical\" data-id=\"9fc2569\" data-element_type=\"column\">\n\t\t\t<div class=\"elementor-widget-wrap elementor-element-populated\">\n\t\t\t\t\t\t<div class=\"elementor-element elementor-element-925ee15 elementor-widget elementor-widget-iheading\" data-id=\"925ee15\" data-element_type=\"widget\" data-widget_type=\"iheading.default\">\n\t\t\t\t<div class=\"elementor-widget-container\">\n\t\t\t\t\t\t\t<div class=\"ot-heading\">\r\n\t        <h2 class=\"main-heading\">Perguntas frequentes\n<\/h2>\t    <\/div>\r\n\t    \t\t\t\t<\/div>\n\t\t\t\t<\/div>\n\t\t\t\t<div class=\"elementor-element elementor-element-db8afb2 elementor-widget elementor-widget-image\" data-id=\"db8afb2\" data-element_type=\"widget\" data-widget_type=\"image.default\">\n\t\t\t\t<div class=\"elementor-widget-container\">\n\t\t\t\t\t\t\t\t\t\t\t\t\t\t\t<img fetchpriority=\"high\" decoding=\"async\" width=\"1024\" height=\"655\" src=\"https:\/\/dyspeak.com\/wp-content\/uploads\/2021\/03\/cheerful-black-male-student-sitting-on-couch-with-SSBM3TX-1024x655.jpg\" class=\"attachment-large size-large wp-image-3802\" alt=\"\" srcset=\"https:\/\/dyspeak.com\/wp-content\/uploads\/2021\/03\/cheerful-black-male-student-sitting-on-couch-with-SSBM3TX-1024x655.jpg 1024w, https:\/\/dyspeak.com\/wp-content\/uploads\/2021\/03\/cheerful-black-male-student-sitting-on-couch-with-SSBM3TX-300x192.jpg 300w, https:\/\/dyspeak.com\/wp-content\/uploads\/2021\/03\/cheerful-black-male-student-sitting-on-couch-with-SSBM3TX-768x491.jpg 768w, https:\/\/dyspeak.com\/wp-content\/uploads\/2021\/03\/cheerful-black-male-student-sitting-on-couch-with-SSBM3TX-1536x982.jpg 1536w, https:\/\/dyspeak.com\/wp-content\/uploads\/2021\/03\/cheerful-black-male-student-sitting-on-couch-with-SSBM3TX-2048x1309.jpg 2048w, https:\/\/dyspeak.com\/wp-content\/uploads\/2021\/03\/cheerful-black-male-student-sitting-on-couch-with-SSBM3TX-720x460.jpg 720w\" sizes=\"(max-width: 1024px) 100vw, 1024px\" \/>\t\t\t\t\t\t\t\t\t\t\t\t\t\t\t<\/div>\n\t\t\t\t<\/div>\n\t\t\t\t<div class=\"elementor-element elementor-element-5f326aa elementor-widget elementor-widget-text-editor\" data-id=\"5f326aa\" data-element_type=\"widget\" data-widget_type=\"text-editor.default\">\n\t\t\t\t<div class=\"elementor-widget-container\">\n\t\t\t\t\t\t\t\t\t<header><\/header>\n<div>\n<p><strong>O aluno disl\u00e9xico e\/ou com d\u00e9ficit de aten\u00e7\u00e3o demora mais tempo para aprender ingl\u00eas do que um aluno que n\u00e3o possui dislexia e\/ou d\u00e9ficit de aten\u00e7\u00e3o?<\/strong><\/p>\n<p>Isso \u00e9 muito vari\u00e1vel. Cada pessoa possui um funcionamento. Existem pessoas que, aparentemente, n\u00e3o possuem dislexia e\/ou TDAH e s\u00e3o mais r\u00e1pidas em certas etapas dos estudos de ingl\u00eas e essas mesmas pessoas podem se tornar mais lentas em outras etapas. Por outro lado, existem pessoas com dislexia e\/ou TDAH que fazem caminhos inversos. Velocidade nos estudos de ingl\u00eas \u00e9 uma quest\u00e3o mais de funcionamento de cada indiv\u00edduo do que ter ou n\u00e3o dislexia e\/ou TDAH.<\/p>\n<p><strong>Alunos com dislexia e\/ou TDAH podem falar, ler e escrever em ingl\u00eas?<\/strong><\/p>\n<p>Sim. Dependendo do n\u00edvel de dislexia, o aluno pode ter todas as habilidades de comunica\u00e7\u00e3o no ingl\u00eas bem desenvolvidas. Se o grau de dislexia for muito avan\u00e7ado, alguma habilidade pode ficar menos desenvolvida, mas nada que impossibilite o aluno de aprender o idioma.<\/p>\n<p><b>Qual \u00e9 a maior vantagem de estudar via Microsoft Teams com um professor particular?<\/b><\/p>\n<p>A grande vantagem \u00e9 o atendimento extremamente personalizado, quando \u00e9 um aluno por vez, que \u00e9 o caso do Dyspeak.<\/p>\n<p><b>O Microsoft Teams&nbsp;\u00e9 pago ou gratuito?<\/b><\/p>\n<p>Gratuito.<\/p>\n<p><b>O que \u00e9 o Microsoft Teams?<\/b><\/p>\n<p>O Microsoft Teams nada mais \u00e9 do que um tipo de telefone online, no qual voc\u00ea pode falar com a outra pessoa usando chamadas de v\u00eddeo ou de voz.<\/p>\n<p><b>Como fa\u00e7o para ter minha conta no Microsoft Teams?<\/b><\/p>\n<p>Primeiramente, voc\u00ea tem que ter o&nbsp;Microsoft Teams no seu computador e\/ou celular. O download do&nbsp;Microsoft Teams \u00e9 tamb\u00e9m gratuito. Depois de instalado no seu computador e\/ou celular, voc\u00ea criar\u00e1 uma conta. O procedimento \u00e9 algo muito parecido com a cria\u00e7\u00e3o de conta de e-mail ou Facebook.Microsoft Teams<\/p>\n<\/div>\t\t\t\t\t\t\t\t<\/div>\n\t\t\t\t<\/div>\n\t\t\t\t<div class=\"elementor-element elementor-element-5df7912 elementor-widget elementor-widget-ivideopopup\" data-id=\"5df7912\" data-element_type=\"widget\" data-widget_type=\"ivideopopup.default\">\n\t\t\t\t<div class=\"elementor-widget-container\">\n\t\t\t\t\t\t\t<div class=\"video-popup\">\r\n\t\t\t<div class=\"btn-inner\">\r\n\t\t        <a class=\"btn-play\" href=\"https:\/\/dyspeak.com\/wp-content\/uploads\/2021\/03\/Dyspeak.mp4\">\r\n\t\t        \t<i class=\"flaticon-play\"><\/i>\r\n\t\t        \t\t\t        \t<span class=\"circle-1\"><\/span>\r\n\t\t\t\t\t<span class=\"circle-2\"><\/span>\r\n\t\t\t\t\t\t\t        <\/a>\r\n\t        <\/div>\r\n\t        <span>Saiba mais<\/span>\t    <\/div>\r\n\t    \t\t\t\t<\/div>\n\t\t\t\t<\/div>\n\t\t\t\t\t<\/div>\n\t\t<\/div>\n\t\t\t\t<div class=\"elementor-column elementor-col-50 elementor-top-column elementor-element elementor-element-7564da8 ot-flex-column-vertical\" data-id=\"7564da8\" data-element_type=\"column\">\n\t\t\t<div class=\"elementor-widget-wrap elementor-element-populated\">\n\t\t\t\t\t\t<div class=\"elementor-element elementor-element-bf10ee5 elementor-widget elementor-widget-text-editor\" data-id=\"bf10ee5\" data-element_type=\"widget\" data-widget_type=\"text-editor.default\">\n\t\t\t\t<div class=\"elementor-widget-container\">\n\t\t\t\t\t\t\t\t\t<h5 class=\"widget-title\">Para refletir:<\/h5><div class=\"textwidget\"><h3>A Corrida de Sapos<\/h3>Era uma vez uma corrida de sapinhos.<br \/>Eles tinham que subir uma grande torre.<br \/>Uma multid\u00e3o vibrava com eles.<br \/>Come\u00e7ou a competi\u00e7\u00e3o, e a multid\u00e3o dizia:<br \/><br \/>\u2013 N\u00e3o v\u00e3o conseguir, n\u00e3o v\u00e3o conseguir!<br \/>Os sapinhos foram desistindo um a um, menos um deles que continuava subindo.<br \/><br \/>E a multid\u00e3o continuava a aclamar:<br \/>\u2013 N\u00e3o v\u00e3o conseguir, n\u00e3o v\u00e3o conseguir!<br \/><br \/>E os sapinhos continuavam desistindo.<br \/>Apenas um prosseguia subindo rumo \u00e0 chegada. Ao final da competi\u00e7\u00e3o, todos os sapinhos haviam desistido, menos aquele. Todos queriam saber o que aconteceu, e perguntaram ao sapinho como ele conseguiu chegar at\u00e9 o fim, mas ele n\u00e3o entendia porque era SURDO.<br \/><br \/><i>Autor desconhecido<\/i><br \/><br \/><b>Moral da hist\u00f3ria:<\/b><br \/><br \/><i>Todos n\u00f3s temos dificuldades nas escaladas da vida. Portanto, conduza seus objetivos com foco e determina\u00e7\u00e3o &#8211; &#8220;devagar e sempre&#8221;! Tente sempre nutrir pensamentos positivos &#8211; penso, logo sinto e, consequentemente, fa\u00e7o!<\/i><\/div>\t\t\t\t\t\t\t\t<\/div>\n\t\t\t\t<\/div>\n\t\t\t\t\t<\/div>\n\t\t<\/div>\n\t\t\t\t\t<\/div>\n\t\t<\/section>\n\t\t\t\t<\/div>\n\t\t","protected":false},"excerpt":{"rendered":"<p>Perguntas frequentes O aluno disl\u00e9xico e\/ou com d\u00e9ficit de aten\u00e7\u00e3o demora mais tempo para aprender ingl\u00eas do que um aluno que n\u00e3o possui dislexia e\/ou d\u00e9ficit de aten\u00e7\u00e3o? Isso \u00e9 muito vari\u00e1vel. Cada pessoa possui um funcionamento. Existem pessoas que, aparentemente, n\u00e3o possuem dislexia e\/ou TDAH e s\u00e3o mais r\u00e1pidas em certas etapas dos estudos [&hellip;]<\/p>\n","protected":false},"author":1,"featured_media":0,"parent":0,"menu_order":0,"comment_status":"closed","ping_status":"closed","template":"","meta":{"footnotes":""},"class_list":["post-3809","page","type-page","status-publish","hentry"],"_links":{"self":[{"href":"https:\/\/dyspeak.com\/index.php?rest_route=\/wp\/v2\/pages\/3809","targetHints":{"allow":["GET"]}}],"collection":[{"href":"https:\/\/dyspeak.com\/index.php?rest_route=\/wp\/v2\/pages"}],"about":[{"href":"https:\/\/dyspeak.com\/index.php?rest_route=\/wp\/v2\/types\/page"}],"author":[{"embeddable":true,"href":"https:\/\/dyspeak.com\/index.php?rest_route=\/wp\/v2\/users\/1"}],"replies":[{"embeddable":true,"href":"https:\/\/dyspeak.com\/index.php?rest_route=%2Fwp%2Fv2%2Fcomments&post=3809"}],"version-history":[{"count":13,"href":"https:\/\/dyspeak.com\/index.php?rest_route=\/wp\/v2\/pages\/3809\/revisions"}],"predecessor-version":[{"id":3945,"href":"https:\/\/dyspeak.com\/index.php?rest_route=\/wp\/v2\/pages\/3809\/revisions\/3945"}],"wp:attachment":[{"href":"https:\/\/dyspeak.com\/index.php?rest_route=%2Fwp%2Fv2%2Fmedia&parent=3809"}],"curies":[{"name":"wp","href":"https:\/\/api.w.org\/{rel}","templated":true}]}}