{"id":3829,"date":"2021-03-17T15:34:18","date_gmt":"2021-03-17T18:34:18","guid":{"rendered":"https:\/\/dyspeak.com\/?page_id=3829"},"modified":"2021-03-18T08:17:02","modified_gmt":"2021-03-18T11:17:02","slug":"se-tem-dificuldades-sempre-peca-ajuda","status":"publish","type":"page","link":"https:\/\/dyspeak.com\/?page_id=3829","title":{"rendered":"Se tem dificuldades, sempre pe\u00e7a ajuda!"},"content":{"rendered":"\t\t<div data-elementor-type=\"wp-page\" data-elementor-id=\"3829\" class=\"elementor elementor-3829\">\n\t\t\t\t\t\t<section class=\"elementor-section elementor-top-section elementor-element elementor-element-7f3cbd8 elementor-section-content-middle ot-traditional elementor-section-boxed elementor-section-height-default elementor-section-height-default\" data-id=\"7f3cbd8\" data-element_type=\"section\" data-settings=\"{&quot;background_background&quot;:&quot;classic&quot;}\">\n\t\t\t\t\t\t<div class=\"elementor-container elementor-column-gap-extended\">\n\t\t\t\t\t<div class=\"elementor-column elementor-col-50 elementor-top-column elementor-element elementor-element-9fc2569 ot-flex-column-vertical\" data-id=\"9fc2569\" data-element_type=\"column\">\n\t\t\t<div class=\"elementor-widget-wrap elementor-element-populated\">\n\t\t\t\t\t\t<div class=\"elementor-element elementor-element-925ee15 elementor-widget elementor-widget-iheading\" data-id=\"925ee15\" data-element_type=\"widget\" data-widget_type=\"iheading.default\">\n\t\t\t\t<div class=\"elementor-widget-container\">\n\t\t\t\t\t\t\t<div class=\"ot-heading\">\r\n\t        <h2 class=\"main-heading\">Se tem dificuldades, sempre pe\u00e7a ajuda!<\/h2>\t    <\/div>\r\n\t    \t\t\t\t<\/div>\n\t\t\t\t<\/div>\n\t\t\t\t<div class=\"elementor-element elementor-element-db8afb2 elementor-widget elementor-widget-image\" data-id=\"db8afb2\" data-element_type=\"widget\" data-widget_type=\"image.default\">\n\t\t\t\t<div class=\"elementor-widget-container\">\n\t\t\t\t\t\t\t\t\t\t\t\t\t\t\t<img fetchpriority=\"high\" decoding=\"async\" width=\"1024\" height=\"683\" src=\"https:\/\/dyspeak.com\/wp-content\/uploads\/2021\/03\/portrait-of-a-smiling-young-woman-in-headphones-st-P5CXRFZ-1024x683.jpg\" class=\"attachment-large size-large wp-image-3804\" alt=\"\" srcset=\"https:\/\/dyspeak.com\/wp-content\/uploads\/2021\/03\/portrait-of-a-smiling-young-woman-in-headphones-st-P5CXRFZ-1024x683.jpg 1024w, https:\/\/dyspeak.com\/wp-content\/uploads\/2021\/03\/portrait-of-a-smiling-young-woman-in-headphones-st-P5CXRFZ-300x200.jpg 300w, https:\/\/dyspeak.com\/wp-content\/uploads\/2021\/03\/portrait-of-a-smiling-young-woman-in-headphones-st-P5CXRFZ-768x513.jpg 768w, https:\/\/dyspeak.com\/wp-content\/uploads\/2021\/03\/portrait-of-a-smiling-young-woman-in-headphones-st-P5CXRFZ-1536x1025.jpg 1536w, https:\/\/dyspeak.com\/wp-content\/uploads\/2021\/03\/portrait-of-a-smiling-young-woman-in-headphones-st-P5CXRFZ-2048x1367.jpg 2048w, https:\/\/dyspeak.com\/wp-content\/uploads\/2021\/03\/portrait-of-a-smiling-young-woman-in-headphones-st-P5CXRFZ-720x481.jpg 720w\" sizes=\"(max-width: 1024px) 100vw, 1024px\" \/>\t\t\t\t\t\t\t\t\t\t\t\t\t\t\t<\/div>\n\t\t\t\t<\/div>\n\t\t\t\t<div class=\"elementor-element elementor-element-5f326aa elementor-widget elementor-widget-text-editor\" data-id=\"5f326aa\" data-element_type=\"widget\" data-widget_type=\"text-editor.default\">\n\t\t\t\t<div class=\"elementor-widget-container\">\n\t\t\t\t\t\t\t\t\t<header class=\"entry-header\"><\/header><div class=\"entry-content\"><div class=\"entry-content\"><p>Se voc\u00ea possui alguma dificuldade de aprendizagem e sabe que possui certa dificuldade, compartilhe sua real situa\u00e7\u00e3o com o m\u00e1ximo de detalhes poss\u00edveis com a fam\u00edlia, amigos, professores \u2013 pessoas importantes do seu conv\u00edvio. Isso tornar\u00e1 suas rela\u00e7\u00f5es com todos mais f\u00e1ceis. Essas pessoas buscar\u00e3o com voc\u00ea bons recursos para diminuir as suas dificuldades. Dessa forma, voc\u00ea nunca estar\u00e1 sozinho com as suas dificuldades de aprendizagem e sempre ser\u00e1 ajudado com maior precis\u00e3o. Assim, tudo fica mais simples, inclusive a sua rela\u00e7\u00e3o com a sua dificuldade, porque voc\u00ea passa a agir de maneira mais natural, n\u00e3o escondendo algo que muitos portadores consideram um peso (um fantasma).<\/p><p>Todos n\u00f3s precisamos de ajuda no dia a dia. Portanto, deixe qualquer vaidade boba de lado, seja ajudado e ajude!<\/p><\/div><\/div>\t\t\t\t\t\t\t\t<\/div>\n\t\t\t\t<\/div>\n\t\t\t\t<div class=\"elementor-element elementor-element-5df7912 elementor-widget elementor-widget-ivideopopup\" data-id=\"5df7912\" data-element_type=\"widget\" data-widget_type=\"ivideopopup.default\">\n\t\t\t\t<div class=\"elementor-widget-container\">\n\t\t\t\t\t\t\t<div class=\"video-popup\">\r\n\t\t\t<div class=\"btn-inner\">\r\n\t\t        <a class=\"btn-play\" href=\"https:\/\/dyspeak.com\/wp-content\/uploads\/2021\/03\/Dyspeak.mp4\">\r\n\t\t        \t<i class=\"flaticon-play\"><\/i>\r\n\t\t        \t\t\t        \t<span class=\"circle-1\"><\/span>\r\n\t\t\t\t\t<span class=\"circle-2\"><\/span>\r\n\t\t\t\t\t\t\t        <\/a>\r\n\t        <\/div>\r\n\t        <span>Saiba mais<\/span>\t    <\/div>\r\n\t    \t\t\t\t<\/div>\n\t\t\t\t<\/div>\n\t\t\t\t\t<\/div>\n\t\t<\/div>\n\t\t\t\t<div class=\"elementor-column elementor-col-50 elementor-top-column elementor-element elementor-element-7564da8 ot-flex-column-vertical\" data-id=\"7564da8\" data-element_type=\"column\">\n\t\t\t<div class=\"elementor-widget-wrap elementor-element-populated\">\n\t\t\t\t\t\t<div class=\"elementor-element elementor-element-bf10ee5 elementor-widget elementor-widget-text-editor\" data-id=\"bf10ee5\" data-element_type=\"widget\" data-widget_type=\"text-editor.default\">\n\t\t\t\t<div class=\"elementor-widget-container\">\n\t\t\t\t\t\t\t\t\t<h5 class=\"widget-title\">Para refletir:<\/h5><div class=\"textwidget\"><h3>A Corrida de Sapos<\/h3>Era uma vez uma corrida de sapinhos.<br \/>Eles tinham que subir uma grande torre.<br \/>Uma multid\u00e3o vibrava com eles.<br \/>Come\u00e7ou a competi\u00e7\u00e3o, e a multid\u00e3o dizia:<br \/><br \/>\u2013 N\u00e3o v\u00e3o conseguir, n\u00e3o v\u00e3o conseguir!<br \/>Os sapinhos foram desistindo um a um, menos um deles que continuava subindo.<br \/><br \/>E a multid\u00e3o continuava a aclamar:<br \/>\u2013 N\u00e3o v\u00e3o conseguir, n\u00e3o v\u00e3o conseguir!<br \/><br \/>E os sapinhos continuavam desistindo.<br \/>Apenas um prosseguia subindo rumo \u00e0 chegada. Ao final da competi\u00e7\u00e3o, todos os sapinhos haviam desistido, menos aquele. Todos queriam saber o que aconteceu, e perguntaram ao sapinho como ele conseguiu chegar at\u00e9 o fim, mas ele n\u00e3o entendia porque era SURDO.<br \/><br \/><i>Autor desconhecido<\/i><br \/><br \/><b>Moral da hist\u00f3ria:<\/b><br \/><br \/><i>Todos n\u00f3s temos dificuldades nas escaladas da vida. Portanto, conduza seus objetivos com foco e determina\u00e7\u00e3o &#8211; &#8220;devagar e sempre&#8221;! Tente sempre nutrir pensamentos positivos &#8211; penso, logo sinto e, consequentemente, fa\u00e7o!<\/i><\/div>\t\t\t\t\t\t\t\t<\/div>\n\t\t\t\t<\/div>\n\t\t\t\t\t<\/div>\n\t\t<\/div>\n\t\t\t\t\t<\/div>\n\t\t<\/section>\n\t\t\t\t<\/div>\n\t\t","protected":false},"excerpt":{"rendered":"<p>Se tem dificuldades, sempre pe\u00e7a ajuda! Se voc\u00ea possui alguma dificuldade de aprendizagem e sabe que possui certa dificuldade, compartilhe sua real situa\u00e7\u00e3o com o m\u00e1ximo de detalhes poss\u00edveis com a fam\u00edlia, amigos, professores \u2013 pessoas importantes do seu conv\u00edvio. Isso tornar\u00e1 suas rela\u00e7\u00f5es com todos mais f\u00e1ceis. Essas pessoas buscar\u00e3o com voc\u00ea bons recursos [&hellip;]<\/p>\n","protected":false},"author":1,"featured_media":0,"parent":0,"menu_order":0,"comment_status":"closed","ping_status":"closed","template":"","meta":{"footnotes":""},"class_list":["post-3829","page","type-page","status-publish","hentry"],"_links":{"self":[{"href":"https:\/\/dyspeak.com\/index.php?rest_route=\/wp\/v2\/pages\/3829","targetHints":{"allow":["GET"]}}],"collection":[{"href":"https:\/\/dyspeak.com\/index.php?rest_route=\/wp\/v2\/pages"}],"about":[{"href":"https:\/\/dyspeak.com\/index.php?rest_route=\/wp\/v2\/types\/page"}],"author":[{"embeddable":true,"href":"https:\/\/dyspeak.com\/index.php?rest_route=\/wp\/v2\/users\/1"}],"replies":[{"embeddable":true,"href":"https:\/\/dyspeak.com\/index.php?rest_route=%2Fwp%2Fv2%2Fcomments&post=3829"}],"version-history":[{"count":10,"href":"https:\/\/dyspeak.com\/index.php?rest_route=\/wp\/v2\/pages\/3829\/revisions"}],"predecessor-version":[{"id":3859,"href":"https:\/\/dyspeak.com\/index.php?rest_route=\/wp\/v2\/pages\/3829\/revisions\/3859"}],"wp:attachment":[{"href":"https:\/\/dyspeak.com\/index.php?rest_route=%2Fwp%2Fv2%2Fmedia&parent=3829"}],"curies":[{"name":"wp","href":"https:\/\/api.w.org\/{rel}","templated":true}]}}